{"id":59,"date":"2026-02-21T02:04:56","date_gmt":"2026-02-21T02:04:56","guid":{"rendered":"https:\/\/vilanimas.com\/?page_id=59"},"modified":"2026-02-21T02:25:51","modified_gmt":"2026-02-21T02:25:51","slug":"ficha-de-inscripcion","status":"publish","type":"page","link":"http:\/\/vilanimas.com\/index.php\/ficha-de-inscripcion\/","title":{"rendered":"Ficha de Inscripci\u00f3n"},"content":{"rendered":"\t\t<div data-elementor-type=\"wp-page\" data-elementor-id=\"59\" class=\"elementor elementor-59\" data-elementor-post-type=\"page\">\n\t\t\t\t<div class=\"elementor-element elementor-element-7728759 e-flex e-con-boxed e-con e-parent\" data-id=\"7728759\" data-element_type=\"container\" data-e-type=\"container\">\n\t\t\t\t\t<div class=\"e-con-inner\">\n\t\t\t\t<div class=\"elementor-element elementor-element-7935d26 elementor-widget elementor-widget-heading\" data-id=\"7935d26\" data-element_type=\"widget\" data-e-type=\"widget\" data-widget_type=\"heading.default\">\n\t\t\t\t\t<h1 class=\"elementor-heading-title elementor-size-default\">FICHA DE INSCRIPCI\u00d3N \u2013 VIL\u00c1NIMAS 2026<\/h1>\t\t\t\t<\/div>\n\t\t\t\t<div class=\"elementor-element elementor-element-da8eec8 elementor-widget elementor-widget-text-editor\" data-id=\"da8eec8\" data-element_type=\"widget\" data-e-type=\"widget\" data-widget_type=\"text-editor.default\">\n\t\t\t\t\t\t\t\t\t<p>Feria Espiritual y de Crecimiento Personal.<br \/>Los Alc\u00e1zares, Murcia.<br \/>17, 18 y 19 de julio de 2026.<\/p>\t\t\t\t\t\t\t\t<\/div>\n\t\t\t\t<div class=\"elementor-element elementor-element-3897f5e elementor-widget elementor-widget-heading\" data-id=\"3897f5e\" data-element_type=\"widget\" data-e-type=\"widget\" data-widget_type=\"heading.default\">\n\t\t\t\t\t<h2 class=\"elementor-heading-title elementor-size-default\">DATOS DEL PARTICIPANTE:<\/h2>\t\t\t\t<\/div>\n\t\t\t\t<div class=\"elementor-element elementor-element-d43289c elementor-widget__width-initial elementor-button-align-stretch elementor-widget elementor-widget-form\" data-id=\"d43289c\" data-element_type=\"widget\" data-e-type=\"widget\" data-settings=\"{&quot;step_next_label&quot;:&quot;Next&quot;,&quot;step_previous_label&quot;:&quot;Previous&quot;,&quot;button_width&quot;:&quot;100&quot;,&quot;step_type&quot;:&quot;number_text&quot;,&quot;step_icon_shape&quot;:&quot;circle&quot;}\" data-widget_type=\"form.default\">\n\t\t\t\t\t\t\t<form class=\"elementor-form\" method=\"post\" name=\"New Form\" aria-label=\"New Form\">\n\t\t\t<input type=\"hidden\" name=\"post_id\" value=\"59\"\/>\n\t\t\t<input type=\"hidden\" name=\"form_id\" value=\"d43289c\"\/>\n\t\t\t<input type=\"hidden\" name=\"referer_title\" value=\"\" \/>\n\n\t\t\t\n\t\t\t<div class=\"elementor-form-fields-wrapper elementor-labels-above\">\n\t\t\t\t\t\t\t\t<div class=\"elementor-field-type-text elementor-field-group elementor-column elementor-field-group-name elementor-col-50 elementor-field-required elementor-mark-required\">\n\t\t\t\t\t\t\t\t\t\t\t\t<label for=\"form-field-name\" class=\"elementor-field-label\">\n\t\t\t\t\t\t\t\tNombre completo \/ Nombre comercial\t\t\t\t\t\t\t<\/label>\n\t\t\t\t\t\t\t\t\t\t\t\t\t\t<input size=\"1\" type=\"text\" name=\"form_fields[name]\" id=\"form-field-name\" class=\"elementor-field elementor-size-sm  elementor-field-textual\" required=\"required\">\n\t\t\t\t\t\t\t\t\t\t\t<\/div>\n\t\t\t\t\t\t\t\t<div class=\"elementor-field-type-text elementor-field-group elementor-column elementor-field-group-field_7407000 elementor-col-50 elementor-field-required elementor-mark-required\">\n\t\t\t\t\t\t\t\t\t\t\t\t<label for=\"form-field-field_7407000\" class=\"elementor-field-label\">\n\t\t\t\t\t\t\t\tDNI \/ CIF\t\t\t\t\t\t\t<\/label>\n\t\t\t\t\t\t\t\t\t\t\t\t\t\t<input size=\"1\" type=\"text\" name=\"form_fields[field_7407000]\" id=\"form-field-field_7407000\" class=\"elementor-field elementor-size-sm  elementor-field-textual\" required=\"required\">\n\t\t\t\t\t\t\t\t\t\t\t<\/div>\n\t\t\t\t\t\t\t\t<div class=\"elementor-field-type-tel elementor-field-group elementor-column elementor-field-group-field_11ad6aa elementor-col-50 elementor-field-required elementor-mark-required\">\n\t\t\t\t\t\t\t\t\t\t\t\t<label for=\"form-field-field_11ad6aa\" class=\"elementor-field-label\">\n\t\t\t\t\t\t\t\tTel\u00e9fono de contacto\t\t\t\t\t\t\t<\/label>\n\t\t\t\t\t\t\t\t<input size=\"1\" type=\"tel\" name=\"form_fields[field_11ad6aa]\" id=\"form-field-field_11ad6aa\" class=\"elementor-field elementor-size-sm  elementor-field-textual\" required=\"required\" pattern=\"[0-9()#&amp;+*-=.]+\" title=\"Only numbers and phone characters (#, -, *, etc) are accepted.\">\n\n\t\t\t\t\t\t<\/div>\n\t\t\t\t\t\t\t\t<div class=\"elementor-field-type-email elementor-field-group elementor-column elementor-field-group-email elementor-col-50 elementor-field-required elementor-mark-required\">\n\t\t\t\t\t\t\t\t\t\t\t\t<label for=\"form-field-email\" class=\"elementor-field-label\">\n\t\t\t\t\t\t\t\tCorreo electr\u00f3nico\t\t\t\t\t\t\t<\/label>\n\t\t\t\t\t\t\t\t\t\t\t\t\t\t<input size=\"1\" type=\"email\" name=\"form_fields[email]\" id=\"form-field-email\" class=\"elementor-field elementor-size-sm  elementor-field-textual\" required=\"required\">\n\t\t\t\t\t\t\t\t\t\t\t<\/div>\n\t\t\t\t\t\t\t\t<div class=\"elementor-field-type-text elementor-field-group elementor-column elementor-field-group-field_98bdf04 elementor-col-50 elementor-field-required elementor-mark-required\">\n\t\t\t\t\t\t\t\t\t\t\t\t<label for=\"form-field-field_98bdf04\" class=\"elementor-field-label\">\n\t\t\t\t\t\t\t\tDirecci\u00f3n completa\t\t\t\t\t\t\t<\/label>\n\t\t\t\t\t\t\t\t\t\t\t\t\t\t<input size=\"1\" type=\"text\" name=\"form_fields[field_98bdf04]\" id=\"form-field-field_98bdf04\" class=\"elementor-field elementor-size-sm  elementor-field-textual\" required=\"required\">\n\t\t\t\t\t\t\t\t\t\t\t<\/div>\n\t\t\t\t\t\t\t\t<div class=\"elementor-field-type-number elementor-field-group elementor-column elementor-field-group-field_ba317de elementor-col-50 elementor-field-required elementor-mark-required\">\n\t\t\t\t\t\t\t\t\t\t\t\t<label for=\"form-field-field_ba317de\" class=\"elementor-field-label\">\n\t\t\t\t\t\t\t\tC\u00f3digo postal\t\t\t\t\t\t\t<\/label>\n\t\t\t\t\t\t\t\t\t<input type=\"number\" name=\"form_fields[field_ba317de]\" id=\"form-field-field_ba317de\" class=\"elementor-field elementor-size-sm  elementor-field-textual\" required=\"required\" min=\"\" max=\"\" >\n\t\t\t\t\t\t<\/div>\n\t\t\t\t\t\t\t\t<div class=\"elementor-field-type-text elementor-field-group elementor-column elementor-field-group-field_69714e8 elementor-col-50 elementor-field-required elementor-mark-required\">\n\t\t\t\t\t\t\t\t\t\t\t\t<label for=\"form-field-field_69714e8\" class=\"elementor-field-label\">\n\t\t\t\t\t\t\t\tProvincia\t\t\t\t\t\t\t<\/label>\n\t\t\t\t\t\t\t\t\t\t\t\t\t\t<input size=\"1\" type=\"text\" name=\"form_fields[field_69714e8]\" id=\"form-field-field_69714e8\" class=\"elementor-field elementor-size-sm  elementor-field-textual\" required=\"required\">\n\t\t\t\t\t\t\t\t\t\t\t<\/div>\n\t\t\t\t\t\t\t\t<div class=\"elementor-field-type-url elementor-field-group elementor-column elementor-field-group-field_9168bf5 elementor-col-50\">\n\t\t\t\t\t\t\t\t\t\t\t\t<label for=\"form-field-field_9168bf5\" class=\"elementor-field-label\">\n\t\t\t\t\t\t\t\tWeb\/Redes sociales (opcional)\t\t\t\t\t\t\t<\/label>\n\t\t\t\t\t\t\t\t\t\t\t\t\t\t<input size=\"1\" type=\"url\" name=\"form_fields[field_9168bf5]\" id=\"form-field-field_9168bf5\" class=\"elementor-field elementor-size-sm  elementor-field-textual\">\n\t\t\t\t\t\t\t\t\t\t\t<\/div>\n\t\t\t\t\t\t\t\t<div class=\"elementor-field-type-radio elementor-field-group elementor-column elementor-field-group-field_c925194 elementor-col-50 elementor-field-required elementor-mark-required\">\n\t\t\t\t\t\t\t\t\t\t\t\t<label for=\"form-field-field_c925194\" class=\"elementor-field-label\">\n\t\t\t\t\t\t\t\tStands\t\t\t\t\t\t\t<\/label>\n\t\t\t\t\t\t<div class=\"elementor-field-subgroup  \"><span class=\"elementor-field-option\"><input type=\"radio\" value=\"Stand 3\u00d73 metros \u2013 450 \u20ac\" id=\"form-field-field_c925194-0\" name=\"form_fields[field_c925194]\" required=\"required\"> <label for=\"form-field-field_c925194-0\">Stand 3\u00d73 metros \u2013 450 \u20ac<\/label><\/span><span class=\"elementor-field-option\"><input type=\"radio\" value=\"Dos stands 3\u00d73 metros \u2013 800 \u20ac\" id=\"form-field-field_c925194-1\" name=\"form_fields[field_c925194]\" required=\"required\"> <label for=\"form-field-field_c925194-1\">Dos stands 3\u00d73 metros \u2013 800 \u20ac<\/label><\/span><\/div>\t\t\t\t<\/div>\n\t\t\t\t\t\t\t\t<div class=\"elementor-field-type-radio elementor-field-group elementor-column elementor-field-group-field_1d9a624 elementor-col-50 elementor-field-required elementor-mark-required\">\n\t\t\t\t\t\t\t\t\t\t\t\t<label for=\"form-field-field_1d9a624\" class=\"elementor-field-label\">\n\t\t\t\t\t\t\t\tPONENCIAS \/ CHARLAS (60 min)\t\t\t\t\t\t\t<\/label>\n\t\t\t\t\t\t<div class=\"elementor-field-subgroup  \"><span class=\"elementor-field-option\"><input type=\"radio\" value=\"Sala Aura (aforo 40 personas) \u2013 150 \u20ac\" id=\"form-field-field_1d9a624-0\" name=\"form_fields[field_1d9a624]\" required=\"required\"> <label for=\"form-field-field_1d9a624-0\">Sala Aura (aforo 40 personas) \u2013 150 \u20ac<\/label><\/span><span class=\"elementor-field-option\"><input type=\"radio\" value=\"Sala Vil\u00e1nimas (aforo 110 personas) \u2013 200 \u20ac\" id=\"form-field-field_1d9a624-1\" name=\"form_fields[field_1d9a624]\" required=\"required\"> <label for=\"form-field-field_1d9a624-1\">Sala Vil\u00e1nimas (aforo 110 personas) \u2013 200 \u20ac<\/label><\/span><\/div>\t\t\t\t<\/div>\n\t\t\t\t\t\t\t\t<div class=\"elementor-field-type-textarea elementor-field-group elementor-column elementor-field-group-field_f1d7c6c elementor-col-50\">\n\t\t\t\t\t\t\t\t\t\t\t\t<label for=\"form-field-field_f1d7c6c\" class=\"elementor-field-label\">\n\t\t\t\t\t\t\t\tDESCRIPCI\u00d3N DE LA ACTIVIDAD \/ PRODUCTOS \/ SERVICIOS\t\t\t\t\t\t\t<\/label>\n\t\t\t\t\t\t<textarea class=\"elementor-field-textual elementor-field  elementor-size-sm\" name=\"form_fields[field_f1d7c6c]\" id=\"form-field-field_f1d7c6c\" rows=\"4\"><\/textarea>\t\t\t\t<\/div>\n\t\t\t\t\t\t\t\t<div class=\"elementor-field-type-textarea elementor-field-group elementor-column elementor-field-group-field_096b1ae elementor-col-50\">\n\t\t\t\t\t\t\t\t\t\t\t\t<label for=\"form-field-field_096b1ae\" class=\"elementor-field-label\">\n\t\t\t\t\t\t\t\tREQUERIMIENTOS T\u00c9CNICOS O NECESIDADES ESPECIALES\t\t\t\t\t\t\t<\/label>\n\t\t\t\t\t\t<textarea class=\"elementor-field-textual elementor-field  elementor-size-sm\" name=\"form_fields[field_096b1ae]\" id=\"form-field-field_096b1ae\" rows=\"4\"><\/textarea>\t\t\t\t<\/div>\n\t\t\t\t\t\t\t\t<div class=\"elementor-field-group elementor-column elementor-field-type-submit elementor-col-100 e-form__buttons\">\n\t\t\t\t\t<button class=\"elementor-button elementor-size-sm elementor-animation-float\" type=\"submit\">\n\t\t\t\t\t\t<span class=\"elementor-button-content-wrapper\">\n\t\t\t\t\t\t\t\t\t\t\t\t\t\t\t\t\t\t\t\t\t\t<span class=\"elementor-button-text\">Enviar<\/span>\n\t\t\t\t\t\t\t\t\t\t\t\t\t<\/span>\n\t\t\t\t\t<\/button>\n\t\t\t\t<\/div>\n\t\t\t<\/div>\n\t\t<\/form>\n\t\t\t\t\t\t<\/div>\n\t\t\t\t\t<\/div>\n\t\t\t\t<\/div>\n\t\t<div class=\"elementor-element elementor-element-4606ea6 e-flex e-con-boxed e-con e-parent\" data-id=\"4606ea6\" data-element_type=\"container\" data-e-type=\"container\">\n\t\t\t\t\t<div class=\"e-con-inner\">\n\t\t\t\t<div class=\"elementor-element elementor-element-d709643 elementor-widget elementor-widget-text-editor\" data-id=\"d709643\" data-element_type=\"widget\" data-e-type=\"widget\" data-widget_type=\"text-editor.default\">\n\t\t\t\t\t\t\t\t\t<p><strong>M\u00c9TODO DE PAGO<\/strong><br \/>Transferencia bancaria (los datos bancarios se facilitar\u00e1n una vez confirmada la inscripci\u00f3n).<\/p><p>\u00a0<\/p><p><strong>CONDICIONES Y NORMATIVA DEL EVENTO<\/strong><\/p><p><strong>Acceso del p\u00fablico<\/strong><\/p><ul><li>El acceso al p\u00fablico ser\u00e1 gratuito durante los tres d\u00edas del evento.<\/li><li>La organizaci\u00f3n podr\u00e1 establecer aportaciones simb\u00f3licas en algunas ponencias o actividades especiales.<\/li><\/ul><p>\u00a0<\/p><p><strong>Coherencia tem\u00e1tica<\/strong><\/p><p>La organizaci\u00f3n se reserva el derecho de admisi\u00f3n para asegurar coherencia con la tem\u00e1tica espiritual y de crecimiento personal del evento.<\/p><p>\u00a0<\/p><p><strong>Material proporcionado por la organizaci\u00f3n<\/strong><\/p><ul><li>Carpa 3\u00d73 m<\/li><li>Mesa<\/li><li>2 sillas<\/li><li>Tres cortinas laterales<\/li><li>Un punto de luz<\/li><\/ul><p>\u00a0<\/p><p><strong>Material que debe aportar el expositor<\/strong><\/p><ul><li>Iluminaci\u00f3n adicional<\/li><li>Telas laterales o frontales<\/li><li>Manteles y decoraci\u00f3n del stand<\/li><li>Regletas, alargadores o cables necesarios<\/li><li>Elementos de exposici\u00f3n o ambientaci\u00f3n personal<\/li><\/ul><p>\u00a0<\/p><p><strong>Pol\u00edtica de precios y servicios<\/strong><\/p><ul><li>Los terapeutas y lectores pactar\u00e1n antes del evento un precio m\u00ednimo com\u00fan para sus servicios.<\/li><li>Nadie podr\u00e1 cobrar por debajo del acuerdo m\u00ednimo establecido.<\/li><li>La organizaci\u00f3n podr\u00e1 intervenir en caso de guerras de precios o pr\u00e1cticas perjudiciales.<\/li><\/ul><p>\u00a0<\/p><p><strong>Env\u00edo de ficha y consultas:<\/strong> infovilanimas@gmail.com. Whatsapp +34 747489790<\/p>\t\t\t\t\t\t\t\t<\/div>\n\t\t\t\t\t<\/div>\n\t\t\t\t<\/div>\n\t\t\t\t<\/div>\n\t\t","protected":false},"excerpt":{"rendered":"<p>FICHA DE INSCRIPCI\u00d3N \u2013 VIL\u00c1NIMAS 2026 Feria Espiritual y de Crecimiento Personal.Los Alc\u00e1zares, Murcia.17, 18 y 19 de julio de 2026. DATOS DEL PARTICIPANTE: M\u00c9TODO DE PAGOTransferencia bancaria (los datos bancarios se facilitar\u00e1n una vez confirmada la inscripci\u00f3n). \u00a0 CONDICIONES Y NORMATIVA DEL EVENTO Acceso del p\u00fablico El acceso al p\u00fablico ser\u00e1 gratuito durante los [&hellip;]<\/p>\n","protected":false},"author":1,"featured_media":0,"parent":0,"menu_order":0,"comment_status":"closed","ping_status":"closed","template":"","meta":{"footnotes":""},"class_list":["post-59","page","type-page","status-publish","hentry"],"_links":{"self":[{"href":"http:\/\/vilanimas.com\/index.php\/wp-json\/wp\/v2\/pages\/59","targetHints":{"allow":["GET"]}}],"collection":[{"href":"http:\/\/vilanimas.com\/index.php\/wp-json\/wp\/v2\/pages"}],"about":[{"href":"http:\/\/vilanimas.com\/index.php\/wp-json\/wp\/v2\/types\/page"}],"author":[{"embeddable":true,"href":"http:\/\/vilanimas.com\/index.php\/wp-json\/wp\/v2\/users\/1"}],"replies":[{"embeddable":true,"href":"http:\/\/vilanimas.com\/index.php\/wp-json\/wp\/v2\/comments?post=59"}],"version-history":[{"count":0,"href":"http:\/\/vilanimas.com\/index.php\/wp-json\/wp\/v2\/pages\/59\/revisions"}],"wp:attachment":[{"href":"http:\/\/vilanimas.com\/index.php\/wp-json\/wp\/v2\/media?parent=59"}],"curies":[{"name":"wp","href":"https:\/\/api.w.org\/{rel}","templated":true}]}}